{"id":753,"date":"2023-08-29T13:54:46","date_gmt":"2023-08-29T16:54:46","guid":{"rendered":"https:\/\/carlosp.com.br\/ge\/?page_id=753"},"modified":"2026-01-13T17:53:25","modified_gmt":"2026-01-13T20:53:25","slug":"produtos-e-tecnologia","status":"publish","type":"page","link":"https:\/\/geembalagens.com.br\/en\/produtos-e-tecnologia\/","title":{"rendered":"Produtos e Tecnologia"},"content":{"rendered":"<p><span style=\"font-weight: 400;\">A partir de um processo criterioso e tecnol\u00f3gico, planejamos, desenvolvemos, desenhamos e produzimos seja qual for o seu tipo de embalagem de papel\u00e3o. Com a expertise de mais de 25 anos de mercado, j\u00e1 embalamos diversos segmentos, dentre eles alimentos, bebidas, cosm\u00e9ticos, eletroeletr\u00f4nicos, hortifrutigranjeiros e flores, higiene e limpeza, materiais el\u00e9tricos, qu\u00edmicos e derivados, vestu\u00e1rio e m\u00f3veis.<\/span><\/p>","protected":false},"excerpt":{"rendered":"<p>A partir de um processo criterioso e tecnol\u00f3gico, planejamos, desenvolvemos, desenhamos e produzimos seja qual for o seu tipo de embalagem de papel\u00e3o. Com a expertise de mais de 25 anos de mercado, j\u00e1 embalamos diversos segmentos, dentre eles alimentos, bebidas, cosm\u00e9ticos, eletroeletr\u00f4nicos, hortifrutigranjeiros e flores, higiene e limpeza, materiais el\u00e9tricos, qu\u00edmicos e derivados, vestu\u00e1rio &hellip; <a href=\"https:\/\/geembalagens.com.br\/en\/produtos-e-tecnologia\/\" class=\"more-link\">Continue reading <span class=\"screen-reader-text\">Produtos e Tecnologia<\/span><\/a><\/p>","protected":false},"author":1,"featured_media":0,"parent":0,"menu_order":0,"comment_status":"closed","ping_status":"closed","template":"","meta":{"_acf_changed":false,"_joinchat":[],"footnotes":""},"class_list":["post-753","page","type-page","status-publish","hentry"],"acf":{"photo_gallery":{"galeria_fotos":[[{"id":950,"title":"tecnologia embalagens","caption":"tecnologia embalagens ","full_image_url":"https:\/\/geembalagens.com.br\/wp-content\/uploads\/2026\/01\/produtos6.png","thumbnail_image_url":"https:\/\/geembalagens.com.br\/wp-content\/uploads\/2026\/01\/produtos6-150x150.png","large_srcset":"https:\/\/geembalagens.com.br\/wp-content\/uploads\/2026\/01\/produtos6.png 500w, https:\/\/geembalagens.com.br\/wp-content\/uploads\/2026\/01\/produtos6-250x300.png 250w, https:\/\/geembalagens.com.br\/wp-content\/uploads\/2026\/01\/produtos6-10x12.png 10w","medium_srcset":"https:\/\/geembalagens.com.br\/wp-content\/uploads\/2026\/01\/produtos6-250x300.png 250w, https:\/\/geembalagens.com.br\/wp-content\/uploads\/2026\/01\/produtos6-10x12.png 10w, https:\/\/geembalagens.com.br\/wp-content\/uploads\/2026\/01\/produtos6.png 500w","media_details":{"width":500,"height":600,"sizes":{"medium":{"file":"produtos6-250x300.png","width":250,"height":300,"mime-type":"image\/png","filesize":131828,"source_url":"https:\/\/geembalagens.com.br\/wp-content\/uploads\/2026\/01\/produtos6-250x300.png"},"thumbnail":{"file":"produtos6-150x150.png","width":150,"height":150,"mime-type":"image\/png","filesize":44742,"source_url":"https:\/\/geembalagens.com.br\/wp-content\/uploads\/2026\/01\/produtos6-150x150.png"},"trp-custom-language-flag":{"file":"produtos6-10x12.png","width":10,"height":12,"mime-type":"image\/png","filesize":566,"source_url":"https:\/\/geembalagens.com.br\/wp-content\/uploads\/2026\/01\/produtos6-10x12.png"},"post-thumbnail":{"file":"produtos6-500x510.png","width":500,"height":510,"mime-type":"image\/png","filesize":386830,"source_url":"https:\/\/geembalagens.com.br\/wp-content\/uploads\/2026\/01\/produtos6-500x510.png"}}},"alt_text":"tecnologia embalagens","url":"","target":""},{"id":951,"title":"produ\u00e7\u00e3o de embalagens de papel\u00e3o","caption":"produ\u00e7\u00e3o de embalagens de papel\u00e3o","full_image_url":"https:\/\/geembalagens.com.br\/wp-content\/uploads\/2026\/01\/produtos5.png","thumbnail_image_url":"https:\/\/geembalagens.com.br\/wp-content\/uploads\/2026\/01\/produtos5-150x150.png","large_srcset":"https:\/\/geembalagens.com.br\/wp-content\/uploads\/2026\/01\/produtos5.png 500w, https:\/\/geembalagens.com.br\/wp-content\/uploads\/2026\/01\/produtos5-250x300.png 250w, https:\/\/geembalagens.com.br\/wp-content\/uploads\/2026\/01\/produtos5-10x12.png 10w","medium_srcset":"https:\/\/geembalagens.com.br\/wp-content\/uploads\/2026\/01\/produtos5-250x300.png 250w, https:\/\/geembalagens.com.br\/wp-content\/uploads\/2026\/01\/produtos5-10x12.png 10w, https:\/\/geembalagens.com.br\/wp-content\/uploads\/2026\/01\/produtos5.png 500w","media_details":{"width":500,"height":600,"sizes":{"medium":{"file":"produtos5-250x300.png","width":250,"height":300,"mime-type":"image\/png","filesize":129715,"source_url":"https:\/\/geembalagens.com.br\/wp-content\/uploads\/2026\/01\/produtos5-250x300.png"},"thumbnail":{"file":"produtos5-150x150.png","width":150,"height":150,"mime-type":"image\/png","filesize":43998,"source_url":"https:\/\/geembalagens.com.br\/wp-content\/uploads\/2026\/01\/produtos5-150x150.png"},"trp-custom-language-flag":{"file":"produtos5-10x12.png","width":10,"height":12,"mime-type":"image\/png","filesize":560,"source_url":"https:\/\/geembalagens.com.br\/wp-content\/uploads\/2026\/01\/produtos5-10x12.png"},"post-thumbnail":{"file":"produtos5-500x510.png","width":500,"height":510,"mime-type":"image\/png","filesize":442829,"source_url":"https:\/\/geembalagens.com.br\/wp-content\/uploads\/2026\/01\/produtos5-500x510.png"}}},"alt_text":"produ\u00e7\u00e3o de embalagens de papel\u00e3o","url":"","target":""},{"id":952,"title":"confec\u00e7\u00e3o embalagens de papel\u00e3o","caption":"confec\u00e7\u00e3o embalagens de papel\u00e3o","full_image_url":"https:\/\/geembalagens.com.br\/wp-content\/uploads\/2026\/01\/produtos4.png","thumbnail_image_url":"https:\/\/geembalagens.com.br\/wp-content\/uploads\/2026\/01\/produtos4-150x150.png","large_srcset":"https:\/\/geembalagens.com.br\/wp-content\/uploads\/2026\/01\/produtos4.png 500w, https:\/\/geembalagens.com.br\/wp-content\/uploads\/2026\/01\/produtos4-250x300.png 250w, https:\/\/geembalagens.com.br\/wp-content\/uploads\/2026\/01\/produtos4-10x12.png 10w","medium_srcset":"https:\/\/geembalagens.com.br\/wp-content\/uploads\/2026\/01\/produtos4-250x300.png 250w, https:\/\/geembalagens.com.br\/wp-content\/uploads\/2026\/01\/produtos4-10x12.png 10w, https:\/\/geembalagens.com.br\/wp-content\/uploads\/2026\/01\/produtos4.png 500w","media_details":{"width":500,"height":600,"sizes":{"medium":{"file":"produtos4-250x300.png","width":250,"height":300,"mime-type":"image\/png","filesize":104929,"source_url":"https:\/\/geembalagens.com.br\/wp-content\/uploads\/2026\/01\/produtos4-250x300.png"},"thumbnail":{"file":"produtos4-150x150.png","width":150,"height":150,"mime-type":"image\/png","filesize":38791,"source_url":"https:\/\/geembalagens.com.br\/wp-content\/uploads\/2026\/01\/produtos4-150x150.png"},"trp-custom-language-flag":{"file":"produtos4-10x12.png","width":10,"height":12,"mime-type":"image\/png","filesize":564,"source_url":"https:\/\/geembalagens.com.br\/wp-content\/uploads\/2026\/01\/produtos4-10x12.png"},"post-thumbnail":{"file":"produtos4-500x510.png","width":500,"height":510,"mime-type":"image\/png","filesize":323764,"source_url":"https:\/\/geembalagens.com.br\/wp-content\/uploads\/2026\/01\/produtos4-500x510.png"}}},"alt_text":"confec\u00e7\u00e3o embalagens de papel\u00e3o","url":"","target":""},{"id":955,"title":"equipe ge embalagens","caption":"equipe ge embalagens","full_image_url":"https:\/\/geembalagens.com.br\/wp-content\/uploads\/2026\/01\/produtos1.png","thumbnail_image_url":"https:\/\/geembalagens.com.br\/wp-content\/uploads\/2026\/01\/produtos1-150x150.png","large_srcset":"https:\/\/geembalagens.com.br\/wp-content\/uploads\/2026\/01\/produtos1.png 500w, https:\/\/geembalagens.com.br\/wp-content\/uploads\/2026\/01\/produtos1-250x300.png 250w, https:\/\/geembalagens.com.br\/wp-content\/uploads\/2026\/01\/produtos1-10x12.png 10w","medium_srcset":"https:\/\/geembalagens.com.br\/wp-content\/uploads\/2026\/01\/produtos1-250x300.png 250w, https:\/\/geembalagens.com.br\/wp-content\/uploads\/2026\/01\/produtos1-10x12.png 10w, https:\/\/geembalagens.com.br\/wp-content\/uploads\/2026\/01\/produtos1.png 500w","media_details":{"width":500,"height":600,"sizes":{"medium":{"file":"produtos1-250x300.png","width":250,"height":300,"mime-type":"image\/png","filesize":95051,"source_url":"https:\/\/geembalagens.com.br\/wp-content\/uploads\/2026\/01\/produtos1-250x300.png"},"thumbnail":{"file":"produtos1-150x150.png","width":150,"height":150,"mime-type":"image\/png","filesize":34589,"source_url":"https:\/\/geembalagens.com.br\/wp-content\/uploads\/2026\/01\/produtos1-150x150.png"},"trp-custom-language-flag":{"file":"produtos1-10x12.png","width":10,"height":12,"mime-type":"image\/png","filesize":566,"source_url":"https:\/\/geembalagens.com.br\/wp-content\/uploads\/2026\/01\/produtos1-10x12.png"},"post-thumbnail":{"file":"produtos1-500x510.png","width":500,"height":510,"mime-type":"image\/png","filesize":296316,"source_url":"https:\/\/geembalagens.com.br\/wp-content\/uploads\/2026\/01\/produtos1-500x510.png"}}},"alt_text":"equipe ge embalagens","url":"","target":""},{"id":953,"title":"confec\u00e7\u00e3o embalagens","caption":"confec\u00e7\u00e3o embalagens","full_image_url":"https:\/\/geembalagens.com.br\/wp-content\/uploads\/2026\/01\/produtos3.png","thumbnail_image_url":"https:\/\/geembalagens.com.br\/wp-content\/uploads\/2026\/01\/produtos3-150x150.png","large_srcset":"https:\/\/geembalagens.com.br\/wp-content\/uploads\/2026\/01\/produtos3.png 500w, https:\/\/geembalagens.com.br\/wp-content\/uploads\/2026\/01\/produtos3-250x300.png 250w, https:\/\/geembalagens.com.br\/wp-content\/uploads\/2026\/01\/produtos3-10x12.png 10w","medium_srcset":"https:\/\/geembalagens.com.br\/wp-content\/uploads\/2026\/01\/produtos3-250x300.png 250w, https:\/\/geembalagens.com.br\/wp-content\/uploads\/2026\/01\/produtos3-10x12.png 10w, https:\/\/geembalagens.com.br\/wp-content\/uploads\/2026\/01\/produtos3.png 500w","media_details":{"width":500,"height":600,"sizes":{"medium":{"file":"produtos3-250x300.png","width":250,"height":300,"mime-type":"image\/png","filesize":92907,"source_url":"https:\/\/geembalagens.com.br\/wp-content\/uploads\/2026\/01\/produtos3-250x300.png"},"thumbnail":{"file":"produtos3-150x150.png","width":150,"height":150,"mime-type":"image\/png","filesize":32440,"source_url":"https:\/\/geembalagens.com.br\/wp-content\/uploads\/2026\/01\/produtos3-150x150.png"},"trp-custom-language-flag":{"file":"produtos3-10x12.png","width":10,"height":12,"mime-type":"image\/png","filesize":566,"source_url":"https:\/\/geembalagens.com.br\/wp-content\/uploads\/2026\/01\/produtos3-10x12.png"},"post-thumbnail":{"file":"produtos3-500x510.png","width":500,"height":510,"mime-type":"image\/png","filesize":277852,"source_url":"https:\/\/geembalagens.com.br\/wp-content\/uploads\/2026\/01\/produtos3-500x510.png"}}},"alt_text":"confec\u00e7\u00e3o embalagens","url":"","target":""},{"id":954,"title":"produ\u00e7\u00e3o de embalagens","caption":"produ\u00e7\u00e3o de embalagens","full_image_url":"https:\/\/geembalagens.com.br\/wp-content\/uploads\/2026\/01\/produtos2.png","thumbnail_image_url":"https:\/\/geembalagens.com.br\/wp-content\/uploads\/2026\/01\/produtos2-150x150.png","large_srcset":"https:\/\/geembalagens.com.br\/wp-content\/uploads\/2026\/01\/produtos2.png 500w, https:\/\/geembalagens.com.br\/wp-content\/uploads\/2026\/01\/produtos2-250x300.png 250w, https:\/\/geembalagens.com.br\/wp-content\/uploads\/2026\/01\/produtos2-10x12.png 10w","medium_srcset":"https:\/\/geembalagens.com.br\/wp-content\/uploads\/2026\/01\/produtos2-250x300.png 250w, https:\/\/geembalagens.com.br\/wp-content\/uploads\/2026\/01\/produtos2-10x12.png 10w, https:\/\/geembalagens.com.br\/wp-content\/uploads\/2026\/01\/produtos2.png 500w","media_details":{"width":500,"height":600,"sizes":{"medium":{"file":"produtos2-250x300.png","width":250,"height":300,"mime-type":"image\/png","filesize":114365,"source_url":"https:\/\/geembalagens.com.br\/wp-content\/uploads\/2026\/01\/produtos2-250x300.png"},"thumbnail":{"file":"produtos2-150x150.png","width":150,"height":150,"mime-type":"image\/png","filesize":39499,"source_url":"https:\/\/geembalagens.com.br\/wp-content\/uploads\/2026\/01\/produtos2-150x150.png"},"trp-custom-language-flag":{"file":"produtos2-10x12.png","width":10,"height":12,"mime-type":"image\/png","filesize":566,"source_url":"https:\/\/geembalagens.com.br\/wp-content\/uploads\/2026\/01\/produtos2-10x12.png"},"post-thumbnail":{"file":"produtos2-500x510.png","width":500,"height":510,"mime-type":"image\/png","filesize":361492,"source_url":"https:\/\/geembalagens.com.br\/wp-content\/uploads\/2026\/01\/produtos2-500x510.png"}}},"alt_text":"produ\u00e7\u00e3o de embalagens","url":"","target":""}]]}},"aioseo_notices":[],"yoast_head":"<!-- This site is optimized with the Yoast SEO plugin v26.6 - https:\/\/yoast.com\/wordpress\/plugins\/seo\/ -->\n<title>GE Embalagens - Caixas, Produtos e Tecnologia<\/title>\n<meta name=\"description\" content=\"Somos uma F\u00e1brica de Embalagens de Papel\u00e3o para o seu neg\u00f3cio. Embalagens Personalizadas. Qualidade. Entrega r\u00e1pida. Veja nossas op\u00e7\u00f5es.\" \/>\n<meta name=\"robots\" content=\"index, follow, max-snippet:-1, max-image-preview:large, max-video-preview:-1\" \/>\n<link rel=\"canonical\" href=\"https:\/\/geembalagens.com.br\/en\/produtos-e-tecnologia\/\" \/>\n<meta property=\"og:locale\" content=\"en_US\" \/>\n<meta property=\"og:type\" content=\"article\" \/>\n<meta property=\"og:title\" content=\"GE Embalagens - Caixas, Produtos e Tecnologia\" \/>\n<meta property=\"og:description\" content=\"Somos uma F\u00e1brica de Embalagens de Papel\u00e3o para o seu neg\u00f3cio. Embalagens Personalizadas. Qualidade. Entrega r\u00e1pida. Veja nossas op\u00e7\u00f5es.\" \/>\n<meta property=\"og:url\" content=\"https:\/\/geembalagens.com.br\/en\/produtos-e-tecnologia\/\" \/>\n<meta property=\"og:site_name\" content=\"GE Embalagens\" \/>\n<meta property=\"article:modified_time\" content=\"2026-01-13T20:53:25+00:00\" \/>\n<meta name=\"twitter:card\" content=\"summary_large_image\" \/>\n<meta name=\"twitter:label1\" content=\"Est. reading time\" \/>\n\t<meta name=\"twitter:data1\" content=\"1 minute\" \/>\n<script type=\"application\/ld+json\" class=\"yoast-schema-graph\">{\"@context\":\"https:\/\/schema.org\",\"@graph\":[{\"@type\":\"WebPage\",\"@id\":\"https:\/\/geembalagens.com.br\/produtos-e-tecnologia\/\",\"url\":\"https:\/\/geembalagens.com.br\/produtos-e-tecnologia\/\",\"name\":\"GE Embalagens - Caixas, Produtos e Tecnologia\",\"isPartOf\":{\"@id\":\"https:\/\/geembalagens.com.br\/#website\"},\"datePublished\":\"2023-08-29T16:54:46+00:00\",\"dateModified\":\"2026-01-13T20:53:25+00:00\",\"description\":\"Somos uma F\u00e1brica de Embalagens de Papel\u00e3o para o seu neg\u00f3cio. Embalagens Personalizadas. Qualidade. Entrega r\u00e1pida. Veja nossas op\u00e7\u00f5es.\",\"breadcrumb\":{\"@id\":\"https:\/\/geembalagens.com.br\/produtos-e-tecnologia\/#breadcrumb\"},\"inLanguage\":\"en-US\",\"potentialAction\":[{\"@type\":\"ReadAction\",\"target\":[\"https:\/\/geembalagens.com.br\/produtos-e-tecnologia\/\"]}]},{\"@type\":\"BreadcrumbList\",\"@id\":\"https:\/\/geembalagens.com.br\/produtos-e-tecnologia\/#breadcrumb\",\"itemListElement\":[{\"@type\":\"ListItem\",\"position\":1,\"name\":\"In\u00edcio\",\"item\":\"https:\/\/geembalagens.com.br\/\"},{\"@type\":\"ListItem\",\"position\":2,\"name\":\"Produtos e Tecnologia\"}]},{\"@type\":\"WebSite\",\"@id\":\"https:\/\/geembalagens.com.br\/#website\",\"url\":\"https:\/\/geembalagens.com.br\/\",\"name\":\"GE Embalagens\",\"description\":\"Embalagens de Papel\u00e3o Ondulado\",\"potentialAction\":[{\"@type\":\"SearchAction\",\"target\":{\"@type\":\"EntryPoint\",\"urlTemplate\":\"https:\/\/geembalagens.com.br\/?s={search_term_string}\"},\"query-input\":{\"@type\":\"PropertyValueSpecification\",\"valueRequired\":true,\"valueName\":\"search_term_string\"}}],\"inLanguage\":\"en-US\"}]}<\/script>\n<!-- \/ Yoast SEO plugin. -->","yoast_head_json":{"title":"GE Embalagens - Caixas, Produtos e Tecnologia","description":"Somos uma F\u00e1brica de Embalagens de Papel\u00e3o para o seu neg\u00f3cio. Embalagens Personalizadas. Qualidade. Entrega r\u00e1pida. Veja nossas op\u00e7\u00f5es.","robots":{"index":"index","follow":"follow","max-snippet":"max-snippet:-1","max-image-preview":"max-image-preview:large","max-video-preview":"max-video-preview:-1"},"canonical":"https:\/\/geembalagens.com.br\/en\/produtos-e-tecnologia\/","og_locale":"en_US","og_type":"article","og_title":"GE Embalagens - Caixas, Produtos e Tecnologia","og_description":"Somos uma F\u00e1brica de Embalagens de Papel\u00e3o para o seu neg\u00f3cio. Embalagens Personalizadas. Qualidade. Entrega r\u00e1pida. Veja nossas op\u00e7\u00f5es.","og_url":"https:\/\/geembalagens.com.br\/en\/produtos-e-tecnologia\/","og_site_name":"GE Embalagens","article_modified_time":"2026-01-13T20:53:25+00:00","twitter_card":"summary_large_image","twitter_misc":{"Est. reading time":"1 minute"},"schema":{"@context":"https:\/\/schema.org","@graph":[{"@type":"WebPage","@id":"https:\/\/geembalagens.com.br\/produtos-e-tecnologia\/","url":"https:\/\/geembalagens.com.br\/produtos-e-tecnologia\/","name":"GE Embalagens - Caixas, Produtos e Tecnologia","isPartOf":{"@id":"https:\/\/geembalagens.com.br\/#website"},"datePublished":"2023-08-29T16:54:46+00:00","dateModified":"2026-01-13T20:53:25+00:00","description":"Somos uma F\u00e1brica de Embalagens de Papel\u00e3o para o seu neg\u00f3cio. Embalagens Personalizadas. Qualidade. Entrega r\u00e1pida. Veja nossas op\u00e7\u00f5es.","breadcrumb":{"@id":"https:\/\/geembalagens.com.br\/produtos-e-tecnologia\/#breadcrumb"},"inLanguage":"en-US","potentialAction":[{"@type":"ReadAction","target":["https:\/\/geembalagens.com.br\/produtos-e-tecnologia\/"]}]},{"@type":"BreadcrumbList","@id":"https:\/\/geembalagens.com.br\/produtos-e-tecnologia\/#breadcrumb","itemListElement":[{"@type":"ListItem","position":1,"name":"In\u00edcio","item":"https:\/\/geembalagens.com.br\/"},{"@type":"ListItem","position":2,"name":"Produtos e Tecnologia"}]},{"@type":"WebSite","@id":"https:\/\/geembalagens.com.br\/#website","url":"https:\/\/geembalagens.com.br\/","name":"GE Embalagens","description":"Embalagens de Papel\u00e3o Ondulado","potentialAction":[{"@type":"SearchAction","target":{"@type":"EntryPoint","urlTemplate":"https:\/\/geembalagens.com.br\/?s={search_term_string}"},"query-input":{"@type":"PropertyValueSpecification","valueRequired":true,"valueName":"search_term_string"}}],"inLanguage":"en-US"}]}},"_links":{"self":[{"href":"https:\/\/geembalagens.com.br\/en\/wp-json\/wp\/v2\/pages\/753","targetHints":{"allow":["GET"]}}],"collection":[{"href":"https:\/\/geembalagens.com.br\/en\/wp-json\/wp\/v2\/pages"}],"about":[{"href":"https:\/\/geembalagens.com.br\/en\/wp-json\/wp\/v2\/types\/page"}],"author":[{"embeddable":true,"href":"https:\/\/geembalagens.com.br\/en\/wp-json\/wp\/v2\/users\/1"}],"replies":[{"embeddable":true,"href":"https:\/\/geembalagens.com.br\/en\/wp-json\/wp\/v2\/comments?post=753"}],"version-history":[{"count":23,"href":"https:\/\/geembalagens.com.br\/en\/wp-json\/wp\/v2\/pages\/753\/revisions"}],"predecessor-version":[{"id":976,"href":"https:\/\/geembalagens.com.br\/en\/wp-json\/wp\/v2\/pages\/753\/revisions\/976"}],"wp:attachment":[{"href":"https:\/\/geembalagens.com.br\/en\/wp-json\/wp\/v2\/media?parent=753"}],"curies":[{"name":"wp","href":"https:\/\/api.w.org\/{rel}","templated":true}]}}