{"id":558,"date":"2023-06-29T12:10:54","date_gmt":"2023-06-29T15:10:54","guid":{"rendered":"https:\/\/carlosp.com.br\/livia\/?page_id=558"},"modified":"2024-06-20T15:04:10","modified_gmt":"2024-06-20T18:04:10","slug":"politica-de-privacidade","status":"publish","type":"page","link":"https:\/\/geembalagens.com.br\/en\/politica-de-privacidade\/","title":{"rendered":"Pol\u00edtica de Privacidade"},"content":{"rendered":"<p><b>POL\u00cdTICA DE ADEQUA\u00c7\u00c3O \u00c0 LEI GERAL DE PROTE\u00c7\u00c3O DE DADOS<\/b><span style=\"font-weight: 400;\">\u00a0<\/span><\/p>\n<p><b>FAQUINI MENDON\u00c7A IND\u00daSTRIA E COMERCIO DE EMBALAGENS LTDA<\/b><span style=\"font-weight: 400;\">\u00a0<\/span><b>(\u201cCONTRATADA\u201d)<\/b><span style=\"font-weight: 400;\">\u00a0e\u00a0<\/span><b>CLIENTE (\u201cCONTRATANTE\u201d)<\/b><span style=\"font-weight: 400;\">, t\u00eam entre si, justo e contratado, que as partes que aderem \u00e0 Pol\u00edtica de Adequa\u00e7\u00e3o \u00e0 Lei Geral de Prote\u00e7\u00e3o de Dados, nos termos da legisla\u00e7\u00e3o brasileira, conforme as seguintes cl\u00e1usulas e condi\u00e7\u00f5es:<\/span><\/p>\n<p><b>CL\u00c1USULA 1 \u2013 DOS DADOS PESSOAIS E ADEQUA\u00c7\u00c3O A LGPD.<\/b><\/p>\n<p><b>1.1.<\/b><span style=\"font-weight: 400;\">\u00a0Em consequ\u00eancia da presente contrata\u00e7\u00e3o, poder\u00e3o haver trocas de Dados Pessoais entre as signat\u00e1rias (art. 7\u00ba, V, Lei 13.709 de 2018), devendo tal rela\u00e7\u00e3o receber tratamento diferenciado e espec\u00edfico, em observ\u00e2ncia \u00e0 Lei Federal n\u00ba 13.709 de 2018, sendo os significados atribu\u00eddos aos termos do artigo 5\u00ba da referida lei, os mesmos adotados por esta cl\u00e1usula.<\/span><\/p>\n<ol>\n<li style=\"font-weight: 400;\" aria-level=\"1\"><span style=\"font-weight: 400;\">Relativamente aos dados transmitidos pela <\/span><b>FAQUINI MENDON\u00c7A IND\u00daSTRIA E COMERCIO DE EMBALAGENS LTDA <\/b><span style=\"font-weight: 400;\">ao CLIENTE:<\/span><\/li>\n<\/ol>\n<p><b>1.1.1.<\/b><span style=\"font-weight: 400;\">\u00a0As Partes reconhecem que no \u00e2mbito da presta\u00e7\u00e3o dos servi\u00e7os que ser\u00e3o estabelecidas, e relativamente a quaisquer dados que incluam dados pessoais que sejam transmitidos pela CONTRATADA\u00a0<\/span><b>FAQUINI MENDON\u00c7A IND\u00daSTRIA E COMERCIO DE EMBALAGENS LTDA <\/b><span style=\"font-weight: 400;\">ao\u00a0<\/span><b>CLIENTE<\/b><span style=\"font-weight: 400;\">, a mesma\u00a0atuar\u00e1 na qualidade de Controladora (a quem competem as decis\u00f5es referentes ao tratamento de dados pessoais), somente, e o\u00a0<\/span><b>CLIENTE<\/b><span style=\"font-weight: 400;\">, conforme definido no pre\u00e2mbulo, figurar\u00e1 na qualidade de Operadora (quem realiza o tratamento de dados pessoais em nome do controlador), conforme as obriga\u00e7\u00f5es e responsabilidades estabelecidas a cada uma delas, nos termos das leis aplic\u00e1veis (artigos 37 ao 40 da Lei 13.709\/18).<\/span><\/p>\n<p><b>1.1.2.<\/b><span style=\"font-weight: 400;\">\u00a0Qualquer dado e\/ou informa\u00e7\u00e3o compartilhado com o\u00a0<\/span><b>CLIENTE<\/b><span style=\"font-weight: 400;\">\u00a0deve ser tratado com base no princ\u00edpio da confidencialidade, de modo que sejam armazenados com seguran\u00e7a e acessados apenas por pessoas autorizadas.<\/span><\/p>\n<p><b>1.2.<\/b><span style=\"font-weight: 400;\">\u00a0Nos termos da Lei n\u00ba\u00a013.709\/2018\u00a0(Lei Geral de Prote\u00e7\u00e3o de Dados \u2013 LGPD), o\u00a0<\/span><b>CLIENTE<\/b><span style=\"font-weight: 400;\">\u00a0\u00e9 obrigado a manter em sigilo todas as informa\u00e7\u00f5es relacionadas \u00e0s quais o mesmo\u00a0ter\u00e1 acesso durante o per\u00edodo de vig\u00eancia do contrato. S\u00e3o obriga\u00e7\u00f5es do\u00a0<\/span><b>CLIENTE<\/b><span style=\"font-weight: 400;\">\u00a0no \u00e2mbito desta cl\u00e1usula:<\/span><\/p>\n<p><b>1.2.1.<\/b><span style=\"font-weight: 400;\">\u00a0Tratar os Dados Pessoais da <\/span><b>FAQUINI MENDON\u00c7A IND\u00daSTRIA E COMERCIO DE EMBALAGENS LTDA<\/b><span style=\"font-weight: 400;\">, empregados e terceiros, conforme as instru\u00e7\u00f5es e diretrizes da mesma, na medida do necess\u00e1rio, para a presta\u00e7\u00e3o do servi\u00e7o.<\/span><\/p>\n<p><b>1.2.1.1.<\/b><span style=\"font-weight: 400;\">\u00a0\u00c9 vedado o tratamento adicional de qualquer Dado Pessoal (dado relacionado \u00e0 pessoa natural identificada ou identific\u00e1vel), sens\u00edvel (origem racial, religi\u00e3o, inclina\u00e7\u00e3o pol\u00edtica, sa\u00fade, vida sexual, informa\u00e7\u00f5es biom\u00e9tricas, etc.) ou n\u00e3o, ao qual o\u00a0<\/span><b>CLIENTE<\/b><span style=\"font-weight: 400;\">, por ventura, tenha acesso em raz\u00e3o do Contrato para outras finalidades.<\/span><\/p>\n<p><b>1.2.2.<\/b><span style=\"font-weight: 400;\">\u00a0Tomar precau\u00e7\u00f5es para evitar a perda, corrup\u00e7\u00e3o ou uso fraudulento dos dados contidos no banco de dados e\/ou qualquer fonte de dados proveniente da\u00a0CONTRATADA <\/span><b>FAQUINI MENDON\u00c7A IND\u00daSTRIA E COMERCIO DE EMBALAGENS LTDA <\/b><span style=\"font-weight: 400;\">(artigos 46, 50 e 51 da Lei 13.709\/18).<\/span><\/p>\n<p><b>1.2.2.1.<\/b><span style=\"font-weight: 400;\">\u00a0O\u00a0<\/span><b>CLIENTE<\/b><span style=\"font-weight: 400;\">\u00a0dever\u00e1 adotar mecanismos de seguran\u00e7a que garantam a manuten\u00e7\u00e3o do sigilo e a privacidade dos Dados Pessoais, devendo implementar as medidas t\u00e9cnicas e organizacionais apropriadas para assegurar que eles n\u00e3o ser\u00e3o registrados, divulgados, processados, exclu\u00eddos, perdidos, danificados, alterados, utilizados ou adulterados de maneira n\u00e3o autorizada, acidental ou ilegal e para proteger os Dados Pessoais de acordo com a legisla\u00e7\u00e3o aplic\u00e1vel.<\/span><\/p>\n<p><b>1.2.3.<\/b><span style=\"font-weight: 400;\">\u00a0Manter e disponibilizar, quando solicitado pela CONTRATADA <\/span><b>FAQUINI MENDON\u00c7A IND\u00daSTRIA E COMERCIO DE EMBALAGENS LTDA,<\/b><span style=\"font-weight: 400;\"> registro de todas as categorias de atividades de tratamento realizadas em decorr\u00eancia do Contrato, de acordo com as leis aplic\u00e1veis. Este registro dever\u00e1 incluir, ao menos:<\/span><\/p>\n<ol>\n<li style=\"font-weight: 400;\" aria-level=\"1\"><span style=\"font-weight: 400;\">a) A descri\u00e7\u00e3o dos processos de tratamento de Dados Pessoais realizados.<\/span><\/li>\n<li style=\"font-weight: 400;\" aria-level=\"1\"><span style=\"font-weight: 400;\">b) A rela\u00e7\u00e3o de transfer\u00eancias de Dados Pessoais para fora do Brasil, quando expressamente autorizado pela CONTRATADA <\/span><b>FAQUINI MENDON\u00c7A IND\u00daSTRIA E COMERCIO DE EMBALAGENS LTDA<\/b><span style=\"font-weight: 400;\">, incluindo a identifica\u00e7\u00e3o (i) dos pa\u00edses destino, que dever\u00e1 proporcionar grau de prote\u00e7\u00e3o de dados pessoais adequado (art. 33 da Lei 13.709\/18); e (ii) do mecanismo de transfer\u00eancia utilizado para realiza\u00e7\u00e3o da transfer\u00eancia internacional (art. 3\u00ba da Lei 13.709\/18).<\/span><\/li>\n<li style=\"font-weight: 400;\" aria-level=\"1\"><span style=\"font-weight: 400;\">c) Descri\u00e7\u00e3o geral das medidas t\u00e9cnicas e organizacionais utilizadas pelo\u00a0<\/span><b>CLIENTE<\/b><span style=\"font-weight: 400;\">, caso aplic\u00e1vel.<\/span><\/li>\n<\/ol>\n<p><b>1.2.3.1.<\/b><span style=\"font-weight: 400;\">\u00a0Em hip\u00f3tese alguma os Dados Pessoais transferidos por conta desta contrata\u00e7\u00e3o, pela\u00a0<\/span><b>FAQUINI MENDON\u00c7A IND\u00daSTRIA E COMERCIO DE EMBALAGENS LTDA <\/b><span style=\"font-weight: 400;\">para o\u00a0<\/span><b>CLIENTE<\/b><span style=\"font-weight: 400;\">, devem ser acessados por terceiros.<\/span><\/p>\n<p><b>1.2.4.<\/b><span style=\"font-weight: 400;\">\u00a0Excluir ou devolver \u00e0\u00a0<\/span><b>FAQUINI MENDON\u00c7A IND\u00daSTRIA E COMERCIO DE EMBALAGENS LTDA,<\/b><span style=\"font-weight: 400;\"> a crit\u00e9rio da mesma, total ou parcialmente, os Dados Pessoais ao t\u00e9rmino do Contrato, ou a qualquer momento em que for requerido, exceto conforme previs\u00e3o legal em sentido contr\u00e1rio (art. 16 da Lei 13.709\/18).<\/span><\/p>\n<p><b>1.3.<\/b><span style=\"font-weight: 400;\">\u00a0O\u00a0<\/span><b>CLIENTE<\/b><span style=\"font-weight: 400;\">\u00a0dever\u00e1 imediatamente notificar a <\/span><b>FAQUINI MENDON\u00c7A IND\u00daSTRIA E COMERCIO DE EMBALAGENS LTDA<\/b><span style=\"font-weight: 400;\">: (i) se tiver conhecimento ou suspeitar de qualquer comprometimento, divulga\u00e7\u00e3o a pessoas n\u00e3o autorizadas ou uso de Dados Pessoais de maneira n\u00e3o autorizada; (ii) se tiverem sido apresentadas quaisquer reclama\u00e7\u00f5es sobre as pr\u00e1ticas de tratamento pelo\u00a0<\/span><b>CLIENTE<\/b><span style=\"font-weight: 400;\">; ou (iii) se tiver ocorrido qualquer descumprimento significativo ou substancial desta cl\u00e1usula (cada um denominado individualmente \u201cIncidente de Seguran\u00e7a\u201d).<\/span><\/p>\n<p><b>1.3.1.<\/b><span style=\"font-weight: 400;\">\u00a0As Partes concordam que qualquer titular de dados que tenha sofrido danos, sejam eles diretos ou indiretos, como resultado de qualquer viola\u00e7\u00e3o de dados pessoais ou sens\u00edveis, tem direito a receber uma compensa\u00e7\u00e3o do respons\u00e1vel pelo dano sofrido, e que o montante desta compensa\u00e7\u00e3o poder\u00e1 ser definido por lei, ato regulamentador, entidade regulamentadora ou pelo Poder Judici\u00e1rio, ou ainda mediante acordo entre as partes e o ofendido (artigos 17 ao 22 e 42 da Lei 13.709\/18). Quando por lei, ato regulamentador, de entidade regulamentadora, pelo Poder Judici\u00e1rio ou pelo liame causal, em evento independente de ju\u00edzo de culpa, a responsabilidade for do\u00a0<\/span><b>CLIENTE<\/b><span style=\"font-weight: 400;\">, esta assumir\u00e1 integralmente o \u00f4nus de referidas indeniza\u00e7\u00f5es ou multas.<\/span><\/p>\n<p><b>1.3.2.<\/b><span style=\"font-weight: 400;\">\u00a0Salvo se exigido pelas leis aplic\u00e1veis ou compelida por uma intima\u00e7\u00e3o, ordem judicial ou outro documento legal similar emitido judicialmente ou pela Autoridade Nacional de Prote\u00e7\u00e3o (Par\u00e1grafo \u00danico, art. 1\u00ba da Lei 13.709\/18) de Dados, o\u00a0<\/span><b>CLIENTE<\/b><span style=\"font-weight: 400;\">\u00a0concorda em n\u00e3o divulgar o Incidente de Seguran\u00e7a a qualquer terceiro sem primeiramente obter o consentimento pr\u00e9vio e por escrito da CONTRATADA<\/span><b>.<\/b><\/p>\n<p><b>1.3.3.<\/b><span style=\"font-weight: 400;\">\u00a0Caso a CONTRATADA\u00a0venha a sofrer as san\u00e7\u00f5es descritas nos artigos 52 ao 54 da Lei Federal n\u00ba 13.709 de 2018 por descumprimento das disposi\u00e7\u00f5es desta cl\u00e1usula, o\u00a0<\/span><b>CLIENTE<\/b><span style=\"font-weight: 400;\">\u00a0dever\u00e1 indenizar a <\/span><b>FAQUINI MENDON\u00c7A IND\u00daSTRIA E COMERCIO DE EMBALAGENS LTDA<\/b><span style=\"font-weight: 400;\">\u00a0integralmente, sem preju\u00edzo das demais san\u00e7\u00f5es previstas neste instrumento.<\/span><\/p>\n<p><b>1.4.<\/b><span style=\"font-weight: 400;\">\u00a0\u00c9 vedado ao\u00a0<\/span><b>CLIENTE<\/b><span style=\"font-weight: 400;\">\u00a0compartilhar com, ou permitir o tratamento por terceiros, de Dados Pessoais a que tiver acesso, em decorr\u00eancia do Contrato.<\/span><\/p>\n<ol>\n<li style=\"font-weight: 400;\" aria-level=\"1\"><span style=\"font-weight: 400;\">Relativamente aos dados transmitidos:<\/span><\/li>\n<\/ol>\n<p><b>1.5.<\/b><span style=\"font-weight: 400;\">\u00a0A\u00a0CONTRATADA <\/span><b>FAQUINI MENDON\u00c7A IND\u00daSTRIA E COMERCIO DE EMBALAGENS LTDA<\/b><span style=\"font-weight: 400;\">\u00a0seguir\u00e1 rigorosamente as disposi\u00e7\u00f5es da Lei Federal n\u00ba 13.709 de 2018 (art. 7\u00ba, V) caso utilize os Dados Pessoais compartilhados pelo\u00a0<\/span><b>CLIENTE<\/b><span style=\"font-weight: 400;\">, conforme supracitado nas subcl\u00e1usulas acima.<\/span><\/p>\n<p><b>1.6.<\/b><span style=\"font-weight: 400;\">\u00a0A\u00a0<\/span><b>FAQUINI MENDON\u00c7A IND\u00daSTRIA E COMERCIO DE EMBALAGENS LTDA <\/b><span style=\"font-weight: 400;\">executar\u00e1 os trabalhos a partir das premissas da LGPD, em especial os princ\u00edpios da finalidade, adequa\u00e7\u00e3o, transpar\u00eancia, livre acesso, seguran\u00e7a, preven\u00e7\u00e3o e n\u00e3o discrimina\u00e7\u00e3o no tratamento dos dados.<\/span><\/p>\n<p><b>1.7<\/b><span style=\"font-weight: 400;\">\u00a0No que toca aos dados eventualmente armazenados pela <\/span><b>FAQUINI MENDON\u00c7A IND\u00daSTRIA E COMERCIO DE EMBALAGENS LTDA<\/b><span style=\"font-weight: 400;\">, esta possui processos internos de governan\u00e7a para a prote\u00e7\u00e3o dos dados, devendo o\u00a0<\/span><b>CLIENTE<\/b><span style=\"font-weight: 400;\">\u00a0na execu\u00e7\u00e3o e utiliza\u00e7\u00e3o em seus neg\u00f3cios relacionados aos servi\u00e7os contratados observar a LGPD e as premissas de governan\u00e7a com seus colaboradores e prestadores de servi\u00e7os regularmente aceitas no tratamento dos dados obtidos dos clientes.<\/span><\/p>\n<p><b>1.8<\/b><span style=\"font-weight: 400;\">\u00a0As partes se comprometem mutuamente ao cumprimento da LGPD.<\/span><\/p>\n<p><b>1.9.<\/b><span style=\"font-weight: 400;\">\u00a0Qualquer dano, seja ele direto ou indireto, que a <\/span><b>FAQUINI MENDON\u00c7A IND\u00daSTRIA E COMERCIO DE EMBALAGENS LTDA<\/b><span style=\"font-weight: 400;\">\u00a0vier a incorrer comprovadamente em fun\u00e7\u00e3o do descumprimento, pelo\u00a0<\/span><b>CLIENTE<\/b><span style=\"font-weight: 400;\">, das disposi\u00e7\u00f5es da presente cl\u00e1usula, dever\u00e1 ser indenizado integralmente e sem limita\u00e7\u00e3o.<\/span><\/p>\n<p><b>1.10<\/b><span style=\"font-weight: 400;\">\u00a0As disposi\u00e7\u00f5es desta cl\u00e1usula, bem como as disposi\u00e7\u00f5es da cl\u00e1usula de confidencialidade, dever\u00e3o permanecer em vigor ainda pelo prazo de 5 (cinco) anos ap\u00f3s o t\u00e9rmino da vig\u00eancia do presente contrato, ou em per\u00edodo superior, conforme estipulado pela LGPD (art. 15 da Lei 13.709\/18).<\/span><\/p>","protected":false},"excerpt":{"rendered":"<p>POL\u00cdTICA DE ADEQUA\u00c7\u00c3O \u00c0 LEI GERAL DE PROTE\u00c7\u00c3O DE DADOS\u00a0 FAQUINI MENDON\u00c7A IND\u00daSTRIA E COMERCIO DE EMBALAGENS LTDA\u00a0(\u201cCONTRATADA\u201d)\u00a0e\u00a0CLIENTE (\u201cCONTRATANTE\u201d), t\u00eam entre si, justo e contratado, que as partes que aderem \u00e0 Pol\u00edtica de Adequa\u00e7\u00e3o \u00e0 Lei Geral de Prote\u00e7\u00e3o de Dados, nos termos da legisla\u00e7\u00e3o brasileira, conforme as seguintes cl\u00e1usulas e condi\u00e7\u00f5es: CL\u00c1USULA 1 \u2013 &hellip; <a href=\"https:\/\/geembalagens.com.br\/en\/politica-de-privacidade\/\" class=\"more-link\">Continue reading <span class=\"screen-reader-text\">Pol\u00edtica de Privacidade<\/span><\/a><\/p>","protected":false},"author":1,"featured_media":0,"parent":0,"menu_order":0,"comment_status":"closed","ping_status":"closed","template":"","meta":{"_acf_changed":false,"_joinchat":[],"footnotes":""},"class_list":["post-558","page","type-page","status-publish","hentry"],"acf":[],"aioseo_notices":[],"yoast_head":"<!-- This site is optimized with the Yoast SEO plugin v26.6 - https:\/\/yoast.com\/wordpress\/plugins\/seo\/ -->\n<title>Pol\u00edtica de Privacidade - GE Embalagens<\/title>\n<meta name=\"description\" content=\"Pol\u00edtica de Privacidade da nossa empresa.\" \/>\n<meta name=\"robots\" content=\"index, follow, max-snippet:-1, max-image-preview:large, max-video-preview:-1\" \/>\n<link rel=\"canonical\" href=\"https:\/\/geembalagens.com.br\/en\/politica-de-privacidade\/\" \/>\n<meta property=\"og:locale\" content=\"en_US\" \/>\n<meta property=\"og:type\" content=\"article\" \/>\n<meta property=\"og:title\" content=\"Pol\u00edtica de Privacidade - GE Embalagens\" \/>\n<meta property=\"og:description\" content=\"Pol\u00edtica de Privacidade da nossa empresa.\" \/>\n<meta property=\"og:url\" content=\"https:\/\/geembalagens.com.br\/en\/politica-de-privacidade\/\" \/>\n<meta property=\"og:site_name\" content=\"GE Embalagens\" \/>\n<meta property=\"article:modified_time\" content=\"2024-06-20T18:04:10+00:00\" \/>\n<meta name=\"twitter:card\" content=\"summary_large_image\" \/>\n<meta name=\"twitter:label1\" content=\"Est. reading time\" \/>\n\t<meta name=\"twitter:data1\" content=\"7 minutes\" \/>\n<script type=\"application\/ld+json\" class=\"yoast-schema-graph\">{\"@context\":\"https:\/\/schema.org\",\"@graph\":[{\"@type\":\"WebPage\",\"@id\":\"https:\/\/geembalagens.com.br\/politica-de-privacidade\/\",\"url\":\"https:\/\/geembalagens.com.br\/politica-de-privacidade\/\",\"name\":\"Pol\u00edtica de Privacidade - GE Embalagens\",\"isPartOf\":{\"@id\":\"https:\/\/geembalagens.com.br\/#website\"},\"datePublished\":\"2023-06-29T15:10:54+00:00\",\"dateModified\":\"2024-06-20T18:04:10+00:00\",\"description\":\"Pol\u00edtica de Privacidade da nossa empresa.\",\"breadcrumb\":{\"@id\":\"https:\/\/geembalagens.com.br\/politica-de-privacidade\/#breadcrumb\"},\"inLanguage\":\"en-US\",\"potentialAction\":[{\"@type\":\"ReadAction\",\"target\":[\"https:\/\/geembalagens.com.br\/politica-de-privacidade\/\"]}]},{\"@type\":\"BreadcrumbList\",\"@id\":\"https:\/\/geembalagens.com.br\/politica-de-privacidade\/#breadcrumb\",\"itemListElement\":[{\"@type\":\"ListItem\",\"position\":1,\"name\":\"In\u00edcio\",\"item\":\"https:\/\/geembalagens.com.br\/\"},{\"@type\":\"ListItem\",\"position\":2,\"name\":\"Pol\u00edtica de Privacidade\"}]},{\"@type\":\"WebSite\",\"@id\":\"https:\/\/geembalagens.com.br\/#website\",\"url\":\"https:\/\/geembalagens.com.br\/\",\"name\":\"GE Embalagens\",\"description\":\"Embalagens de Papel\u00e3o Ondulado\",\"potentialAction\":[{\"@type\":\"SearchAction\",\"target\":{\"@type\":\"EntryPoint\",\"urlTemplate\":\"https:\/\/geembalagens.com.br\/?s={search_term_string}\"},\"query-input\":{\"@type\":\"PropertyValueSpecification\",\"valueRequired\":true,\"valueName\":\"search_term_string\"}}],\"inLanguage\":\"en-US\"}]}<\/script>\n<!-- \/ Yoast SEO plugin. -->","yoast_head_json":{"title":"Pol\u00edtica de Privacidade - GE Embalagens","description":"Pol\u00edtica de Privacidade da nossa empresa.","robots":{"index":"index","follow":"follow","max-snippet":"max-snippet:-1","max-image-preview":"max-image-preview:large","max-video-preview":"max-video-preview:-1"},"canonical":"https:\/\/geembalagens.com.br\/en\/politica-de-privacidade\/","og_locale":"en_US","og_type":"article","og_title":"Pol\u00edtica de Privacidade - GE Embalagens","og_description":"Pol\u00edtica de Privacidade da nossa empresa.","og_url":"https:\/\/geembalagens.com.br\/en\/politica-de-privacidade\/","og_site_name":"GE Embalagens","article_modified_time":"2024-06-20T18:04:10+00:00","twitter_card":"summary_large_image","twitter_misc":{"Est. reading time":"7 minutes"},"schema":{"@context":"https:\/\/schema.org","@graph":[{"@type":"WebPage","@id":"https:\/\/geembalagens.com.br\/politica-de-privacidade\/","url":"https:\/\/geembalagens.com.br\/politica-de-privacidade\/","name":"Pol\u00edtica de Privacidade - GE Embalagens","isPartOf":{"@id":"https:\/\/geembalagens.com.br\/#website"},"datePublished":"2023-06-29T15:10:54+00:00","dateModified":"2024-06-20T18:04:10+00:00","description":"Pol\u00edtica de Privacidade da nossa empresa.","breadcrumb":{"@id":"https:\/\/geembalagens.com.br\/politica-de-privacidade\/#breadcrumb"},"inLanguage":"en-US","potentialAction":[{"@type":"ReadAction","target":["https:\/\/geembalagens.com.br\/politica-de-privacidade\/"]}]},{"@type":"BreadcrumbList","@id":"https:\/\/geembalagens.com.br\/politica-de-privacidade\/#breadcrumb","itemListElement":[{"@type":"ListItem","position":1,"name":"In\u00edcio","item":"https:\/\/geembalagens.com.br\/"},{"@type":"ListItem","position":2,"name":"Pol\u00edtica de Privacidade"}]},{"@type":"WebSite","@id":"https:\/\/geembalagens.com.br\/#website","url":"https:\/\/geembalagens.com.br\/","name":"GE Embalagens","description":"Embalagens de Papel\u00e3o Ondulado","potentialAction":[{"@type":"SearchAction","target":{"@type":"EntryPoint","urlTemplate":"https:\/\/geembalagens.com.br\/?s={search_term_string}"},"query-input":{"@type":"PropertyValueSpecification","valueRequired":true,"valueName":"search_term_string"}}],"inLanguage":"en-US"}]}},"_links":{"self":[{"href":"https:\/\/geembalagens.com.br\/en\/wp-json\/wp\/v2\/pages\/558","targetHints":{"allow":["GET"]}}],"collection":[{"href":"https:\/\/geembalagens.com.br\/en\/wp-json\/wp\/v2\/pages"}],"about":[{"href":"https:\/\/geembalagens.com.br\/en\/wp-json\/wp\/v2\/types\/page"}],"author":[{"embeddable":true,"href":"https:\/\/geembalagens.com.br\/en\/wp-json\/wp\/v2\/users\/1"}],"replies":[{"embeddable":true,"href":"https:\/\/geembalagens.com.br\/en\/wp-json\/wp\/v2\/comments?post=558"}],"version-history":[{"count":4,"href":"https:\/\/geembalagens.com.br\/en\/wp-json\/wp\/v2\/pages\/558\/revisions"}],"predecessor-version":[{"id":918,"href":"https:\/\/geembalagens.com.br\/en\/wp-json\/wp\/v2\/pages\/558\/revisions\/918"}],"wp:attachment":[{"href":"https:\/\/geembalagens.com.br\/en\/wp-json\/wp\/v2\/media?parent=558"}],"curies":[{"name":"wp","href":"https:\/\/api.w.org\/{rel}","templated":true}]}}