{"id":223,"date":"2023-04-17T08:58:18","date_gmt":"2023-04-17T11:58:18","guid":{"rendered":"https:\/\/carlosp.com.br\/vr\/?page_id=223"},"modified":"2026-01-13T14:36:27","modified_gmt":"2026-01-13T17:36:27","slug":"contato","status":"publish","type":"page","link":"https:\/\/geembalagens.com.br\/en\/contato\/","title":{"rendered":"Contato"},"content":{"rendered":"<p><span style=\"font-weight: 400;\">A GE Embalagens vai cuidar de voc\u00ea. Preencha o formul\u00e1rio e deixe que nosso setor comercial embale seu neg\u00f3cio.<\/span><\/p>\n<p>&nbsp;<\/p>\n<p>&nbsp;<\/p>\n\n<div class=\"wpcf7 no-js\" id=\"wpcf7-f193-o1\" lang=\"pt-BR\" dir=\"ltr\" data-wpcf7-id=\"193\">\n<div class=\"screen-reader-response\"><p role=\"status\" aria-live=\"polite\" aria-atomic=\"true\"><\/p> <ul><\/ul><\/div>\n<form action=\"\/en\/wp-json\/wp\/v2\/pages\/223#wpcf7-f193-o1\" method=\"post\" class=\"wpcf7-form init\" aria-label=\"Formul\u00e1rios de contato\" novalidate=\"novalidate\" data-status=\"init\" data-trp-original-action=\"\/en\/wp-json\/wp\/v2\/pages\/223#wpcf7-f193-o1\">\n<fieldset class=\"hidden-fields-container\"><input type=\"hidden\" name=\"_wpcf7\" value=\"193\" \/><input type=\"hidden\" name=\"_wpcf7_version\" value=\"6.1.4\" \/><input type=\"hidden\" name=\"_wpcf7_locale\" value=\"pt_BR\" \/><input type=\"hidden\" name=\"_wpcf7_unit_tag\" value=\"wpcf7-f193-o1\" \/><input type=\"hidden\" name=\"_wpcf7_container_post\" value=\"0\" \/><input type=\"hidden\" name=\"_wpcf7_posted_data_hash\" value=\"\" \/>\n<\/fieldset>\n<div class=\"row\">\n\t<div class=\"col-md-12\">\n\t\t<div class=\"form-group\">\n\t\t\t<p><span class=\"wpcf7-form-control-wrap\" data-name=\"nome\"><input size=\"40\" maxlength=\"400\" class=\"wpcf7-form-control wpcf7-text wpcf7-validates-as-required form-control\" aria-required=\"true\" aria-invalid=\"false\" placeholder=\"Nome *\" value=\"\" type=\"text\" name=\"nome\" \/><\/span>\n\t\t\t<\/p>\n\t\t<\/div>\n\t<\/div>\n<\/div>\n<div class=\"row\">\n\t<div class=\"col-md-6\">\n\t\t<div class=\"form-group\">\n\t\t\t<p><span class=\"wpcf7-form-control-wrap\" data-name=\"email\"><input size=\"40\" maxlength=\"400\" class=\"wpcf7-form-control wpcf7-email wpcf7-validates-as-required wpcf7-text wpcf7-validates-as-email form-control\" aria-required=\"true\" aria-invalid=\"false\" placeholder=\"Email *\" value=\"\" type=\"email\" name=\"email\" \/><\/span>\n\t\t\t<\/p>\n\t\t<\/div>\n\t<\/div>\n\t<div class=\"col-md-6\">\n\t\t<div class=\"form-group\">\n\t\t\t<p><span class=\"wpcf7-form-control-wrap\" data-name=\"telefone\"><input size=\"40\" maxlength=\"400\" class=\"wpcf7-form-control wpcf7-text form-control\" aria-invalid=\"false\" placeholder=\"Telefone\" value=\"\" type=\"text\" name=\"telefone\" \/><\/span>\n\t\t\t<\/p>\n\t\t<\/div>\n\t<\/div>\n<\/div>\n<div class=\"row\">\n\t<div class=\"col-md-6\">\n\t\t<p><span class=\"wpcf7-form-control-wrap\" data-name=\"empresa\"><input size=\"40\" maxlength=\"400\" class=\"wpcf7-form-control wpcf7-text form-control\" aria-invalid=\"false\" placeholder=\"Empresa\" value=\"\" type=\"text\" name=\"empresa\" \/><\/span>\n\t\t<\/p>\n\t<\/div>\n\t<div class=\"col-md-6\">\n\t\t<p><span class=\"wpcf7-form-control-wrap\" data-name=\"cargo\"><input size=\"40\" maxlength=\"400\" class=\"wpcf7-form-control wpcf7-text form-control\" aria-invalid=\"false\" placeholder=\"Cargo\" value=\"\" type=\"text\" name=\"cargo\" \/><\/span>\n\t\t<\/p>\n\t<\/div>\n<\/div>\n<div class=\"row\">\n\t<div class=\"col-md-12\">\n\t\t<div class=\"form-group\">\n\t\t\t<p><span class=\"wpcf7-form-control-wrap\" data-name=\"assunto\"><input size=\"40\" maxlength=\"400\" class=\"wpcf7-form-control wpcf7-text form-control\" aria-invalid=\"false\" placeholder=\"Assunto\" value=\"\" type=\"text\" name=\"assunto\" \/><\/span>\n\t\t\t<\/p>\n\t\t<\/div>\n\t\t<div class=\"form-group mb-0\">\n\t\t\t<p><span class=\"wpcf7-form-control-wrap\" data-name=\"mensagem\"><textarea cols=\"40\" rows=\"5\" maxlength=\"2000\" class=\"wpcf7-form-control wpcf7-textarea form-control\" aria-invalid=\"false\" placeholder=\"Mensagem *\" name=\"mensagem\"><\/textarea><\/span>\n\t\t\t<\/p>\n\t\t<\/div>\n\t\t<div class=\"text-center\">\n\t\t\t<p><input class=\"wpcf7-form-control wpcf7-submit has-spinner cta mt-4 bg-primario\" type=\"submit\" value=\"Enviar\" \/>\n\t\t\t<\/p>\n\t\t<\/div>\n\t<\/div>\n<\/div><div class=\"wpcf7-response-output\" aria-hidden=\"true\"><\/div>\n<input type=\"hidden\" name=\"trp-form-language\" value=\"en\"\/><\/form>\n<\/div>\n\n<p>&nbsp;<\/p>\n<p>Ao enviar a sua mensagem, voc\u00ea estar\u00e1 concordando em receber nossas comunica\u00e7\u00f5es, de acordo com a pol\u00edtica de privacidade.<\/p>","protected":false},"excerpt":{"rendered":"<p>A GE Embalagens vai cuidar de voc\u00ea. Preencha o formul\u00e1rio e deixe que nosso setor comercial embale seu neg\u00f3cio. &nbsp; &nbsp; &nbsp; Ao enviar a sua mensagem, voc\u00ea estar\u00e1 concordando em receber nossas comunica\u00e7\u00f5es, de acordo com a pol\u00edtica de privacidade.<\/p>","protected":false},"author":1,"featured_media":0,"parent":0,"menu_order":0,"comment_status":"closed","ping_status":"closed","template":"","meta":{"_acf_changed":false,"_joinchat":[],"footnotes":""},"class_list":["post-223","page","type-page","status-publish","hentry"],"acf":[],"aioseo_notices":[],"yoast_head":"<!-- This site is optimized with the Yoast SEO plugin v26.6 - https:\/\/yoast.com\/wordpress\/plugins\/seo\/ -->\n<title>GE Embalagens - Entre em contato com a nossa equipe<\/title>\n<meta name=\"description\" content=\"Fale com a GE Embalagens, fa\u00e7a o or\u00e7amento das suas embalagens de papel\u00e3o, conte com a ajuda da nossa equipe.\" \/>\n<meta name=\"robots\" content=\"index, follow, max-snippet:-1, max-image-preview:large, max-video-preview:-1\" \/>\n<link rel=\"canonical\" href=\"https:\/\/geembalagens.com.br\/en\/contato\/\" \/>\n<meta property=\"og:locale\" content=\"en_US\" \/>\n<meta property=\"og:type\" content=\"article\" \/>\n<meta property=\"og:title\" content=\"GE Embalagens - Entre em contato com a nossa equipe\" \/>\n<meta property=\"og:description\" content=\"Fale com a GE Embalagens, fa\u00e7a o or\u00e7amento das suas embalagens de papel\u00e3o, conte com a ajuda da nossa equipe.\" \/>\n<meta property=\"og:url\" content=\"https:\/\/geembalagens.com.br\/en\/contato\/\" \/>\n<meta property=\"og:site_name\" content=\"GE Embalagens\" \/>\n<meta property=\"article:modified_time\" content=\"2026-01-13T17:36:27+00:00\" \/>\n<meta name=\"twitter:card\" content=\"summary_large_image\" \/>\n<meta name=\"twitter:label1\" content=\"Est. reading time\" \/>\n\t<meta name=\"twitter:data1\" content=\"1 minute\" \/>\n<script type=\"application\/ld+json\" class=\"yoast-schema-graph\">{\"@context\":\"https:\/\/schema.org\",\"@graph\":[{\"@type\":\"WebPage\",\"@id\":\"https:\/\/geembalagens.com.br\/contato\/\",\"url\":\"https:\/\/geembalagens.com.br\/contato\/\",\"name\":\"GE Embalagens - Entre em contato com a nossa equipe\",\"isPartOf\":{\"@id\":\"https:\/\/geembalagens.com.br\/#website\"},\"datePublished\":\"2023-04-17T11:58:18+00:00\",\"dateModified\":\"2026-01-13T17:36:27+00:00\",\"description\":\"Fale com a GE Embalagens, fa\u00e7a o or\u00e7amento das suas embalagens de papel\u00e3o, conte com a ajuda da nossa equipe.\",\"breadcrumb\":{\"@id\":\"https:\/\/geembalagens.com.br\/contato\/#breadcrumb\"},\"inLanguage\":\"en-US\",\"potentialAction\":[{\"@type\":\"ReadAction\",\"target\":[\"https:\/\/geembalagens.com.br\/contato\/\"]}]},{\"@type\":\"BreadcrumbList\",\"@id\":\"https:\/\/geembalagens.com.br\/contato\/#breadcrumb\",\"itemListElement\":[{\"@type\":\"ListItem\",\"position\":1,\"name\":\"In\u00edcio\",\"item\":\"https:\/\/geembalagens.com.br\/\"},{\"@type\":\"ListItem\",\"position\":2,\"name\":\"Contato\"}]},{\"@type\":\"WebSite\",\"@id\":\"https:\/\/geembalagens.com.br\/#website\",\"url\":\"https:\/\/geembalagens.com.br\/\",\"name\":\"GE Embalagens\",\"description\":\"Embalagens de Papel\u00e3o Ondulado\",\"potentialAction\":[{\"@type\":\"SearchAction\",\"target\":{\"@type\":\"EntryPoint\",\"urlTemplate\":\"https:\/\/geembalagens.com.br\/?s={search_term_string}\"},\"query-input\":{\"@type\":\"PropertyValueSpecification\",\"valueRequired\":true,\"valueName\":\"search_term_string\"}}],\"inLanguage\":\"en-US\"}]}<\/script>\n<!-- \/ Yoast SEO plugin. -->","yoast_head_json":{"title":"GE Embalagens - Entre em contato com a nossa equipe","description":"Fale com a GE Embalagens, fa\u00e7a o or\u00e7amento das suas embalagens de papel\u00e3o, conte com a ajuda da nossa equipe.","robots":{"index":"index","follow":"follow","max-snippet":"max-snippet:-1","max-image-preview":"max-image-preview:large","max-video-preview":"max-video-preview:-1"},"canonical":"https:\/\/geembalagens.com.br\/en\/contato\/","og_locale":"en_US","og_type":"article","og_title":"GE Embalagens - Entre em contato com a nossa equipe","og_description":"Fale com a GE Embalagens, fa\u00e7a o or\u00e7amento das suas embalagens de papel\u00e3o, conte com a ajuda da nossa equipe.","og_url":"https:\/\/geembalagens.com.br\/en\/contato\/","og_site_name":"GE Embalagens","article_modified_time":"2026-01-13T17:36:27+00:00","twitter_card":"summary_large_image","twitter_misc":{"Est. reading time":"1 minute"},"schema":{"@context":"https:\/\/schema.org","@graph":[{"@type":"WebPage","@id":"https:\/\/geembalagens.com.br\/contato\/","url":"https:\/\/geembalagens.com.br\/contato\/","name":"GE Embalagens - Entre em contato com a nossa equipe","isPartOf":{"@id":"https:\/\/geembalagens.com.br\/#website"},"datePublished":"2023-04-17T11:58:18+00:00","dateModified":"2026-01-13T17:36:27+00:00","description":"Fale com a GE Embalagens, fa\u00e7a o or\u00e7amento das suas embalagens de papel\u00e3o, conte com a ajuda da nossa equipe.","breadcrumb":{"@id":"https:\/\/geembalagens.com.br\/contato\/#breadcrumb"},"inLanguage":"en-US","potentialAction":[{"@type":"ReadAction","target":["https:\/\/geembalagens.com.br\/contato\/"]}]},{"@type":"BreadcrumbList","@id":"https:\/\/geembalagens.com.br\/contato\/#breadcrumb","itemListElement":[{"@type":"ListItem","position":1,"name":"In\u00edcio","item":"https:\/\/geembalagens.com.br\/"},{"@type":"ListItem","position":2,"name":"Contato"}]},{"@type":"WebSite","@id":"https:\/\/geembalagens.com.br\/#website","url":"https:\/\/geembalagens.com.br\/","name":"GE Embalagens","description":"Embalagens de Papel\u00e3o Ondulado","potentialAction":[{"@type":"SearchAction","target":{"@type":"EntryPoint","urlTemplate":"https:\/\/geembalagens.com.br\/?s={search_term_string}"},"query-input":{"@type":"PropertyValueSpecification","valueRequired":true,"valueName":"search_term_string"}}],"inLanguage":"en-US"}]}},"_links":{"self":[{"href":"https:\/\/geembalagens.com.br\/en\/wp-json\/wp\/v2\/pages\/223","targetHints":{"allow":["GET"]}}],"collection":[{"href":"https:\/\/geembalagens.com.br\/en\/wp-json\/wp\/v2\/pages"}],"about":[{"href":"https:\/\/geembalagens.com.br\/en\/wp-json\/wp\/v2\/types\/page"}],"author":[{"embeddable":true,"href":"https:\/\/geembalagens.com.br\/en\/wp-json\/wp\/v2\/users\/1"}],"replies":[{"embeddable":true,"href":"https:\/\/geembalagens.com.br\/en\/wp-json\/wp\/v2\/comments?post=223"}],"version-history":[{"count":30,"href":"https:\/\/geembalagens.com.br\/en\/wp-json\/wp\/v2\/pages\/223\/revisions"}],"predecessor-version":[{"id":961,"href":"https:\/\/geembalagens.com.br\/en\/wp-json\/wp\/v2\/pages\/223\/revisions\/961"}],"wp:attachment":[{"href":"https:\/\/geembalagens.com.br\/en\/wp-json\/wp\/v2\/media?parent=223"}],"curies":[{"name":"wp","href":"https:\/\/api.w.org\/{rel}","templated":true}]}}